{"id":19,"date":"2023-05-26T11:04:04","date_gmt":"2023-05-26T14:04:04","guid":{"rendered":"https:\/\/www.gcub.org.br\/bsp\/bsp\/?page_id=19"},"modified":"2025-06-12T18:04:59","modified_gmt":"2025-06-12T21:04:59","slug":"home","status":"publish","type":"page","link":"https:\/\/www.gcub.org.br\/bsp\/","title":{"rendered":"Home \/ P\u00e1gina de in\u00edcio"},"content":{"rendered":"\t\t<div data-elementor-type=\"wp-page\" data-elementor-id=\"19\" class=\"elementor elementor-19\" data-elementor-post-type=\"page\">\n\t\t\t\t\t\t<section class=\"elementor-section elementor-top-section elementor-element elementor-element-2e23864 elementor-section-boxed elementor-section-height-default elementor-section-height-default\" data-id=\"2e23864\" data-element_type=\"section\" data-e-type=\"section\" data-settings=\"{&quot;background_background&quot;:&quot;classic&quot;}\">\n\t\t\t\t\t\t\t<div class=\"elementor-background-overlay\"><\/div>\n\t\t\t\t\t\t\t<div class=\"elementor-container elementor-column-gap-default\">\n\t\t\t\t\t<div class=\"elementor-column elementor-col-100 elementor-top-column elementor-element elementor-element-c492127\" data-id=\"c492127\" data-element_type=\"column\" data-e-type=\"column\">\n\t\t\t<div class=\"elementor-widget-wrap elementor-element-populated\">\n\t\t\t\t\t\t<div class=\"elementor-element elementor-element-e7d5458 elementor-widget elementor-widget-heading\" data-id=\"e7d5458\" data-element_type=\"widget\" data-e-type=\"widget\" data-widget_type=\"heading.default\">\n\t\t\t\t<div class=\"elementor-widget-container\">\n\t\t\t\t\t<h1 class=\"elementor-heading-title elementor-size-default\">GCUB-Mob Quarta Edi\u00e7\u00e3o 2025<\/h1>\t\t\t\t<\/div>\n\t\t\t\t<\/div>\n\t\t\t\t<section class=\"elementor-section elementor-inner-section elementor-element elementor-element-17c286a elementor-section-boxed elementor-section-height-default elementor-section-height-default\" data-id=\"17c286a\" data-element_type=\"section\" data-e-type=\"section\" data-settings=\"{&quot;background_background&quot;:&quot;classic&quot;}\">\n\t\t\t\t\t\t<div class=\"elementor-container elementor-column-gap-default\">\n\t\t\t\t\t<div class=\"elementor-column elementor-col-100 elementor-inner-column elementor-element elementor-element-57da6a0\" data-id=\"57da6a0\" data-element_type=\"column\" data-e-type=\"column\">\n\t\t\t<div class=\"elementor-widget-wrap elementor-element-populated\">\n\t\t\t\t\t\t<div class=\"elementor-element elementor-element-e2621d5 elementor-widget elementor-widget-heading\" data-id=\"e2621d5\" data-element_type=\"widget\" data-e-type=\"widget\" data-widget_type=\"heading.default\">\n\t\t\t\t<div class=\"elementor-widget-container\">\n\t\t\t\t\t<h2 class=\"elementor-heading-title elementor-size-default\">GCUB INTERNATIONAL MOBILITY PROGRAM - GCUB-MOB<\/h2>\t\t\t\t<\/div>\n\t\t\t\t<\/div>\n\t\t\t\t<div class=\"elementor-element elementor-element-66a9446 elementor-widget elementor-widget-text-editor\" data-id=\"66a9446\" data-element_type=\"widget\" data-e-type=\"widget\" data-widget_type=\"text-editor.default\">\n\t\t\t\t<div class=\"elementor-widget-container\">\n\t\t\t\t\t\t\t\t\t<p>The applications for the Masters or Doctoral scholarships of the GCUB International Mobility Program &#8211; GCUB-Mob are open until July 13th, 2025, at 11:59 p.m.(BRT).<\/p><p>The Program targets students from the five continents who have completed their undergraduate studies.<\/p><p>Read about the Program and prepare your documents.<\/p>\t\t\t\t\t\t\t\t<\/div>\n\t\t\t\t<\/div>\n\t\t\t\t<div class=\"elementor-element elementor-element-a5f1bff elementor-align-center elementor-widget elementor-widget-button\" data-id=\"a5f1bff\" data-element_type=\"widget\" data-e-type=\"widget\" data-widget_type=\"button.default\">\n\t\t\t\t<div class=\"elementor-widget-container\">\n\t\t\t\t\t\t\t\t\t<div class=\"elementor-button-wrapper\">\n\t\t\t\t\t<a class=\"elementor-button elementor-button-link elementor-size-sm\" href=\"https:\/\/www.gcub.org.br\/bsp\/application-form.php\" target=\"_blank\">\n\t\t\t\t\t\t<span class=\"elementor-button-content-wrapper\">\n\t\t\t\t\t\t\t\t\t<span class=\"elementor-button-text\">You must register your application in this form!<\/span>\n\t\t\t\t\t<\/span>\n\t\t\t\t\t<\/a>\n\t\t\t\t<\/div>\n\t\t\t\t\t\t\t\t<\/div>\n\t\t\t\t<\/div>\n\t\t\t\t\t<\/div>\n\t\t<\/div>\n\t\t\t\t\t<\/div>\n\t\t<\/section>\n\t\t\t\t<section class=\"elementor-section elementor-inner-section elementor-element elementor-element-4c2afa7 elementor-section-boxed elementor-section-height-default elementor-section-height-default\" data-id=\"4c2afa7\" data-element_type=\"section\" data-e-type=\"section\" data-settings=\"{&quot;background_background&quot;:&quot;classic&quot;}\">\n\t\t\t\t\t\t<div class=\"elementor-container elementor-column-gap-default\">\n\t\t\t\t\t<div class=\"elementor-column elementor-col-100 elementor-inner-column elementor-element elementor-element-7282a63\" data-id=\"7282a63\" data-element_type=\"column\" data-e-type=\"column\">\n\t\t\t<div class=\"elementor-widget-wrap elementor-element-populated\">\n\t\t\t\t\t\t<div class=\"elementor-element elementor-element-e53deac elementor-widget elementor-widget-heading\" data-id=\"e53deac\" data-element_type=\"widget\" data-e-type=\"widget\" data-widget_type=\"heading.default\">\n\t\t\t\t<div class=\"elementor-widget-container\">\n\t\t\t\t\t<h2 class=\"elementor-heading-title elementor-size-default\">PROGRAMA GCUB DE MOVILIDAD INTERNACIONAL - GCUB-MOB <\/h2>\t\t\t\t<\/div>\n\t\t\t\t<\/div>\n\t\t\t\t<div class=\"elementor-element elementor-element-8c0ece5 elementor-widget elementor-widget-text-editor\" data-id=\"8c0ece5\" data-element_type=\"widget\" data-e-type=\"widget\" data-widget_type=\"text-editor.default\">\n\t\t\t\t<div class=\"elementor-widget-container\">\n\t\t\t\t\t\t\t\t\t<p>Las inscripciones para becas de Maestr\u00eda y Doctorado del Programa GCUB de Movilidad Internacional &#8211; GCUB-Mob est\u00e1n abiertas hasta el 13 de julio de 2025 a las 23:59. (BRT).<\/p><p>El Programa est\u00e1 abierto a estudiantes de los cinco continentes que hayan completado sus estudios de pregrado.<\/p><p>Lea sobre el Programa y prepare sus documentos.<\/p>\t\t\t\t\t\t\t\t<\/div>\n\t\t\t\t<\/div>\n\t\t\t\t<div class=\"elementor-element elementor-element-3a6eba7 elementor-align-center elementor-widget elementor-widget-button\" data-id=\"3a6eba7\" data-element_type=\"widget\" data-e-type=\"widget\" data-widget_type=\"button.default\">\n\t\t\t\t<div class=\"elementor-widget-container\">\n\t\t\t\t\t\t\t\t\t<div class=\"elementor-button-wrapper\">\n\t\t\t\t\t<a class=\"elementor-button elementor-button-link elementor-size-sm\" href=\"https:\/\/www.gcub.org.br\/bsp\/application-form.php\" target=\"_blank\">\n\t\t\t\t\t\t<span class=\"elementor-button-content-wrapper\">\n\t\t\t\t\t\t\t\t\t<span class=\"elementor-button-text\">\u00a1Haga su inscripci\u00f3n en este formulario!<\/span>\n\t\t\t\t\t<\/span>\n\t\t\t\t\t<\/a>\n\t\t\t\t<\/div>\n\t\t\t\t\t\t\t\t<\/div>\n\t\t\t\t<\/div>\n\t\t\t\t\t<\/div>\n\t\t<\/div>\n\t\t\t\t\t<\/div>\n\t\t<\/section>\n\t\t\t\t<section class=\"elementor-section elementor-inner-section elementor-element elementor-element-de598d1 elementor-section-boxed elementor-section-height-default elementor-section-height-default\" data-id=\"de598d1\" data-element_type=\"section\" data-e-type=\"section\" data-settings=\"{&quot;background_background&quot;:&quot;classic&quot;}\">\n\t\t\t\t\t\t<div class=\"elementor-container elementor-column-gap-default\">\n\t\t\t\t\t<div class=\"elementor-column elementor-col-100 elementor-inner-column elementor-element elementor-element-9f0dd6b\" data-id=\"9f0dd6b\" data-element_type=\"column\" data-e-type=\"column\">\n\t\t\t<div class=\"elementor-widget-wrap elementor-element-populated\">\n\t\t\t\t\t\t<div class=\"elementor-element elementor-element-3493a37 elementor-widget elementor-widget-heading\" data-id=\"3493a37\" data-element_type=\"widget\" data-e-type=\"widget\" data-widget_type=\"heading.default\">\n\t\t\t\t<div class=\"elementor-widget-container\">\n\t\t\t\t\t<h2 class=\"elementor-heading-title elementor-size-default\">PROGRAMA GCUB DE MOBILIDADE INTERNACIONAL - GCUB-MOB<\/h2>\t\t\t\t<\/div>\n\t\t\t\t<\/div>\n\t\t\t\t<div class=\"elementor-element elementor-element-b68eb82 elementor-widget elementor-widget-text-editor\" data-id=\"b68eb82\" data-element_type=\"widget\" data-e-type=\"widget\" data-widget_type=\"text-editor.default\">\n\t\t\t\t<div class=\"elementor-widget-container\">\n\t\t\t\t\t\t\t\t\t<p>As inscri\u00e7\u00f5es para bolsas de Mestrado e Doutorado do Programa GCUB de Mobilidade Internacional &#8211; GCUB-Mob est\u00e3o abertas at\u00e9 o dia 13 de julho de 2025 \u00e0s 23:59 (BRT).<\/p><p>O Programa \u00e9 aberto a estudantes dos cinco continentes que completaram seus estudos de gradua\u00e7\u00e3o.<\/p><p>Leia sobre o Programa e Prepare seus documentos.<\/p>\t\t\t\t\t\t\t\t<\/div>\n\t\t\t\t<\/div>\n\t\t\t\t<div class=\"elementor-element elementor-element-42f06d2 elementor-align-center elementor-widget elementor-widget-button\" data-id=\"42f06d2\" data-element_type=\"widget\" data-e-type=\"widget\" data-widget_type=\"button.default\">\n\t\t\t\t<div class=\"elementor-widget-container\">\n\t\t\t\t\t\t\t\t\t<div class=\"elementor-button-wrapper\">\n\t\t\t\t\t<a class=\"elementor-button elementor-button-link elementor-size-sm\" href=\"https:\/\/www.gcub.org.br\/bsp\/application-form.php\" target=\"_blank\">\n\t\t\t\t\t\t<span class=\"elementor-button-content-wrapper\">\n\t\t\t\t\t\t\t\t\t<span class=\"elementor-button-text\">Fa\u00e7a sua inscri\u00e7\u00e3o neste formul\u00e1rio!<\/span>\n\t\t\t\t\t<\/span>\n\t\t\t\t\t<\/a>\n\t\t\t\t<\/div>\n\t\t\t\t\t\t\t\t<\/div>\n\t\t\t\t<\/div>\n\t\t\t\t\t<\/div>\n\t\t<\/div>\n\t\t\t\t\t<\/div>\n\t\t<\/section>\n\t\t\t\t<section class=\"elementor-section elementor-inner-section elementor-element elementor-element-eaf1b51 elementor-section-boxed elementor-section-height-default elementor-section-height-default\" data-id=\"eaf1b51\" data-element_type=\"section\" data-e-type=\"section\" data-settings=\"{&quot;background_background&quot;:&quot;classic&quot;}\">\n\t\t\t\t\t\t<div class=\"elementor-container elementor-column-gap-default\">\n\t\t\t\t\t<div class=\"elementor-column elementor-col-100 elementor-inner-column elementor-element elementor-element-85852d3\" data-id=\"85852d3\" data-element_type=\"column\" data-e-type=\"column\">\n\t\t\t<div class=\"elementor-widget-wrap elementor-element-populated\">\n\t\t\t\t\t\t<div class=\"elementor-element elementor-element-2db266e elementor-widget elementor-widget-heading\" data-id=\"2db266e\" data-element_type=\"widget\" data-e-type=\"widget\" data-widget_type=\"heading.default\">\n\t\t\t\t<div class=\"elementor-widget-container\">\n\t\t\t\t\t<h2 class=\"elementor-heading-title elementor-size-default\">PROGRAMME GCUB DE MOBILIT\u00c9 INTERNATIONALE - GCUB-MOB<\/h2>\t\t\t\t<\/div>\n\t\t\t\t<\/div>\n\t\t\t\t<div class=\"elementor-element elementor-element-31862a4 elementor-widget elementor-widget-text-editor\" data-id=\"31862a4\" data-element_type=\"widget\" data-e-type=\"widget\" data-widget_type=\"text-editor.default\">\n\t\t\t\t<div class=\"elementor-widget-container\">\n\t\t\t\t\t\t\t\t\t<p>Les inscriptions pour les bourses de Master et de Doctorat du Programme GCUB de Mobilit\u00e9 Internationale &#8211; GCUB-Mob sont ouvertes jusqu\u2019au 13 juillet 2024 \u00e0 23h59 (BRT).<\/p><p>Le programme est ouvert aux \u00e9tudiants des cinq continents qui ont termin\u00e9 leurs \u00c9tudes Sup\u00e9rieur<\/p><p>Lisez \u00e0 propos du programme et pr\u00e9parez vos documents.<\/p>\t\t\t\t\t\t\t\t<\/div>\n\t\t\t\t<\/div>\n\t\t\t\t<div class=\"elementor-element elementor-element-ed2fcb8 elementor-align-center elementor-widget elementor-widget-button\" data-id=\"ed2fcb8\" data-element_type=\"widget\" data-e-type=\"widget\" data-widget_type=\"button.default\">\n\t\t\t\t<div class=\"elementor-widget-container\">\n\t\t\t\t\t\t\t\t\t<div class=\"elementor-button-wrapper\">\n\t\t\t\t\t<a class=\"elementor-button elementor-button-link elementor-size-sm\" href=\"https:\/\/www.gcub.org.br\/bsp\/application-form.php\" target=\"_blank\">\n\t\t\t\t\t\t<span class=\"elementor-button-content-wrapper\">\n\t\t\t\t\t\t\t\t\t<span class=\"elementor-button-text\">Inscrivez-vous \u00e0 ce formulaire!<\/span>\n\t\t\t\t\t<\/span>\n\t\t\t\t\t<\/a>\n\t\t\t\t<\/div>\n\t\t\t\t\t\t\t\t<\/div>\n\t\t\t\t<\/div>\n\t\t\t\t\t<\/div>\n\t\t<\/div>\n\t\t\t\t\t<\/div>\n\t\t<\/section>\n\t\t\t\t\t<\/div>\n\t\t<\/div>\n\t\t\t\t\t<\/div>\n\t\t<\/section>\n\t\t\t\t<\/div>\n\t\t","protected":false},"excerpt":{"rendered":"<p>GCUB-Mob Quarta Edi\u00e7\u00e3o 2025 GCUB INTERNATIONAL MOBILITY PROGRAM &#8211; GCUB-MOB The applications for the Masters or Doctoral scholarships of the GCUB International Mobility Program &#8211; GCUB-Mob are open until July 13th, 2025, at 11:59 p.m.(BRT). The Program targets students from the five continents who have completed their undergraduate studies. Read about the Program and prepare&hellip;&nbsp;<a href=\"https:\/\/www.gcub.org.br\/bsp\/\" rel=\"bookmark\"><span class=\"screen-reader-text\">Home \/ P\u00e1gina de in\u00edcio<\/span><\/a><\/p>\n","protected":false},"author":1,"featured_media":0,"parent":0,"menu_order":0,"comment_status":"closed","ping_status":"closed","template":"page-templates\/template-pagebuilder-full-width.php","meta":{"neve_meta_sidebar":"","neve_meta_container":"","neve_meta_enable_content_width":"","neve_meta_content_width":0,"neve_meta_title_alignment":"","neve_meta_author_avatar":"","neve_post_elements_order":"","neve_meta_disable_header":"","neve_meta_disable_footer":"","neve_meta_disable_title":"","footnotes":""},"class_list":["post-19","page","type-page","status-publish","hentry"],"_links":{"self":[{"href":"https:\/\/www.gcub.org.br\/bsp\/wp-json\/wp\/v2\/pages\/19","targetHints":{"allow":["GET"]}}],"collection":[{"href":"https:\/\/www.gcub.org.br\/bsp\/wp-json\/wp\/v2\/pages"}],"about":[{"href":"https:\/\/www.gcub.org.br\/bsp\/wp-json\/wp\/v2\/types\/page"}],"author":[{"embeddable":true,"href":"https:\/\/www.gcub.org.br\/bsp\/wp-json\/wp\/v2\/users\/1"}],"replies":[{"embeddable":true,"href":"https:\/\/www.gcub.org.br\/bsp\/wp-json\/wp\/v2\/comments?post=19"}],"version-history":[{"count":21,"href":"https:\/\/www.gcub.org.br\/bsp\/wp-json\/wp\/v2\/pages\/19\/revisions"}],"predecessor-version":[{"id":273,"href":"https:\/\/www.gcub.org.br\/bsp\/wp-json\/wp\/v2\/pages\/19\/revisions\/273"}],"wp:attachment":[{"href":"https:\/\/www.gcub.org.br\/bsp\/wp-json\/wp\/v2\/media?parent=19"}],"curies":[{"name":"wp","href":"https:\/\/api.w.org\/{rel}","templated":true}]}}