{"id":25,"date":"2023-05-26T11:04:46","date_gmt":"2023-05-26T14:04:46","guid":{"rendered":"https:\/\/www.gcub.org.br\/bsp\/bsp\/?page_id=25"},"modified":"2025-06-13T11:32:49","modified_gmt":"2025-06-13T14:32:49","slug":"about-the-program-sobre-el-programa","status":"publish","type":"page","link":"https:\/\/www.gcub.org.br\/bsp\/about-the-program-sobre-el-programa\/","title":{"rendered":"About the program \/ Sobre el programa"},"content":{"rendered":"\t\t<div data-elementor-type=\"wp-page\" data-elementor-id=\"25\" class=\"elementor elementor-25\" data-elementor-post-type=\"page\">\n\t\t\t\t\t\t<section class=\"elementor-section elementor-top-section elementor-element elementor-element-dd33405 elementor-section-boxed elementor-section-height-default elementor-section-height-default\" data-id=\"dd33405\" data-element_type=\"section\" data-e-type=\"section\">\n\t\t\t\t\t\t<div class=\"elementor-container elementor-column-gap-default\">\n\t\t\t\t\t<div class=\"elementor-column elementor-col-100 elementor-top-column elementor-element elementor-element-4929648\" data-id=\"4929648\" data-element_type=\"column\" data-e-type=\"column\">\n\t\t\t<div class=\"elementor-widget-wrap elementor-element-populated\">\n\t\t\t\t\t\t<div class=\"elementor-element elementor-element-e37ae66 elementor-tabs-alignment-stretch elementor-tabs-view-horizontal elementor-widget elementor-widget-tabs\" data-id=\"e37ae66\" data-element_type=\"widget\" data-e-type=\"widget\" data-widget_type=\"tabs.default\">\n\t\t\t\t<div class=\"elementor-widget-container\">\n\t\t\t\t\t\t\t<div class=\"elementor-tabs\">\n\t\t\t<div class=\"elementor-tabs-wrapper\" role=\"tablist\" >\n\t\t\t\t\t\t\t\t\t<div id=\"elementor-tab-title-2381\" class=\"elementor-tab-title elementor-tab-desktop-title\" aria-selected=\"true\" data-tab=\"1\" role=\"tab\" tabindex=\"0\" aria-controls=\"elementor-tab-content-2381\" aria-expanded=\"false\"> About the Program \/ Sobre El Programa \/ Sobre o programa<\/div>\n\t\t\t\t\t\t\t\t\t<div id=\"elementor-tab-title-2382\" class=\"elementor-tab-title elementor-tab-desktop-title\" aria-selected=\"false\" data-tab=\"2\" role=\"tab\" tabindex=\"-1\" aria-controls=\"elementor-tab-content-2382\" aria-expanded=\"false\">Universities \/ Universidades<\/div>\n\t\t\t\t\t\t\t<\/div>\n\t\t\t<div class=\"elementor-tabs-content-wrapper\" role=\"tablist\" aria-orientation=\"vertical\">\n\t\t\t\t\t\t\t\t\t<div class=\"elementor-tab-title elementor-tab-mobile-title\" aria-selected=\"true\" data-tab=\"1\" role=\"tab\" tabindex=\"0\" aria-controls=\"elementor-tab-content-2381\" aria-expanded=\"false\"> About the Program \/ Sobre El Programa \/ Sobre o programa<\/div>\n\t\t\t\t\t<div id=\"elementor-tab-content-2381\" class=\"elementor-tab-content elementor-clearfix\" data-tab=\"1\" role=\"tabpanel\" aria-labelledby=\"elementor-tab-title-2381\" tabindex=\"0\" hidden=\"false\"><h2><strong>Fourth Edition of the GCUB International Mobility Program \u2013 GCUB-Mob 2025<\/strong><\/h2><p>The International Cooperation Group of Brazilian Universities (GCUB) continues its traditional scholarship program, accompanied by monthly stipends, within the scope of its International Mobility Program &#8211; GCUB-Mob, aimed at international students from the five continents interested in pursuing Master&#8217;s or Doctoral Degrees at associated Brazilian Higher Education Institutions (HEI).<\/p><p>GCUB-Mob is an initiative of GCUB, Instituto Guimar\u00e3es Rosa of the Ministry of Foreign Affairs of Brazil, the National Commission of UNESCO for Brazil, the Conselho Nacional das Funda\u00e7\u00f5es Estaduais de Amparo \u00e0 Pesquisa &#8211; CONFAP, the Agence Universitaire de la Francophonie &#8211; AUF, the Organization of American States &#8211; OAS, the Organisation of Southern Cooperation &#8211; OSC, the Uni\u00f3n de Universidades de Am\u00e9rica Latina y el Caribe &#8211; UDUALC and the Consejo Superior Universitario Centroamericano &#8211; CSUCA are partners and\/or supporters of the GCUB-Mob Program.<\/p><p>This Program is intended to regulate the selection of candidates for scholarships, which grant monthly stipends, offered by Brazilian HEIs associated with GCUB, within the framework of the GCUB International Mobility Program &#8211; GCUB-Mob. These scholarships are destined for Master\u2019s and Doctoral programs in Brazil, scheduled to begin in 2026.<\/p><p>In its Fourth Edition, the GCUB International Mobility Program \u2013 GCUB-Mob offers over 880 scholarships offered by Brazilian HEIs associated with GCUB, for Master\u2019s and Doctoral programs at 60 universities based in different regions of Brazil.<\/p><p>For the applications, candidates must have completed their undergraduate studies and be citizens of a country that maintains diplomatic relations with Brazil. Candidates who meet the requirements must provide the information and submit the necessary documents for application by July 13, 2025, at 23:59 (BRT). Applications must be submitted <span style=\"color: #ff0000;\"><strong><u>EXCLUSIVELY<\/u><\/strong><\/span> through the GCUB-Mob 2025 Online Application Form.<\/p><p>In the application process, candidates can apply to up to 5 universities in different regions of Brazil. Applying to five different institutions increases the chance of receiving a scholarship from one of these universities. The selection processes encompass three phases, and the publication of final results is scheduled for October 31, 2025.<\/p><p>All the necessary information you may need about the requirements, benefits, and duties of the scholarships for you to apply is available in the Call for Application 001\/2025. We strongly recommend you to read carefully the full content of the Call for Application, in order to ensure that your application will be compliant with the terms of reference.<\/p><h2><strong>Cuarta Edici\u00f3n del Programa GCUB de Movilidad Internacional \u2013 GCUB-Mob 2025<\/strong><\/h2><p>El Grupo de Cooperaci\u00f3n Internacional de Universidades Brasile\u00f1as (GCUB) da continuidad a su tradicional Programa de oportunidades acad\u00e9micas, acompa\u00f1adas de becas mensuales, en el marco de su Programa de Movilidad Internacional GCUB-Mob, destinadas a estudiantes internacionales provenientes de los cinco continentes, interesados(as) en cursar Maestr\u00eda o Doctorado en Instituciones de Educaci\u00f3n Superior (IES) brasile\u00f1as asociadas.<\/p><p>El GCUB-Mob es una iniciativa del GCUB, con el apoyo del Instituto Guimar\u00e3es Rosa del Ministerio de Relaciones Exteriores de Brasil, la Comisi\u00f3n Nacional de la UNESCO para Brasil, el Consejo Nacional de Fundaciones Estatales de Apoyo a la Investigaci\u00f3n \u2013 CONFAP, la Agence Universitaire de la Francophonie \u2013 AUF, la Organizaci\u00f3n de los Estados Americanos \u2013 OEA, la Organizaci\u00f3n para la Cooperaci\u00f3n del Sur \u2013 OSC, la Uni\u00f3n de Universidades de Am\u00e9rica Latina y el Caribe \u2013 UDUALC y el Consejo Superior Universitario Centroamericano \u2013 CSUCA son instituciones socias y\/o colaboradoras del Programa GCUB-Mob.<\/p><p>El objetivo de este Programa es regular la selecci\u00f3n de candidatos(as) para la asignaci\u00f3n de cupos, que conceden becas mensuales, ofrecidas por Instituciones de Educaci\u00f3n Superior (IES) brasile\u00f1as asociadas al GCUB, en el marco del Programa GCUB de Movilidad Internacional \u2013 GCUB-Mob. Estas becas est\u00e1n destinadas a cursos de Maestr\u00eda y Doctorado en Brasil, con inicio previsto para 2026.<\/p><p>En su Cuarta Edici\u00f3n, el Programa GCUB de Movilidad Internacional \u2013 GCUB-Mob ofrece m\u00e1s de 880 cupos para programas de Maestr\u00eda y Doctorado, en 60 universidades ubicadas en diferentes regiones brasile\u00f1as.<\/p><p>Para las postulaciones, los candidatos deben haber completado sus estudios de pregrado y ser ciudadanos de un pa\u00eds que mantenga relaciones diplom\u00e1ticas con Brasil. Los candidatos que cumplan con los requisitos deben proporcionar la informaci\u00f3n y enviar los documentos necesarios para la postulaci\u00f3n hasta el 13 de julio de 2025, a las 23:59 (BRT). Las postulaciones deben ser enviadas <span style=\"color: #ff0000;\"><strong><u>EXCLUSIVAMENTE<\/u><\/strong> <\/span>a trav\u00e9s del Formulario de Postulaci\u00f3n en L\u00ednea GCUB-Mob 2025.<\/p><p>En el proceso de postulaci\u00f3n, los candidatos pueden postularse a hasta 5 universidades en diferentes regiones de Brasil. Postularse a cinco instituciones diferentes aumenta la posibilidad de recibir una beca de una de estas universidades. Los procesos de selecci\u00f3n comprenden tres fases, y la publicaci\u00f3n de los resultados finales est\u00e1 programada para el 31 de octubre de 2025.<\/p><p>Toda la informaci\u00f3n necesaria que pueda necesitar sobre los requisitos, beneficios y obligaciones de las becas para postularse est\u00e1 disponible en la Convocatoria 001\/2025. Recomendamos encarecidamente leer atentamente el contenido completo de la Convocatoria, con el fin de asegurar que su postulaci\u00f3n cumpla con los t\u00e9rminos de referencia.<\/p><h2><strong>Quarta Edi\u00e7\u00e3o do Programa GCUB de Mobilidade Internacional \u2013 GCUB-Mob 2025<\/strong><\/h2><p>O Grupo de Coopera\u00e7\u00e3o Internacional de Universidades Brasileiras (GCUB) d\u00e1 continuidade ao seu tradicional Programa de vagas, acompanhadas de bolsas mensais, no \u00e2mbito de seu Programa de Mobilidade Internacional GCUB-Mob, destinadas a estudantes internacionais provenientes dos cinco continentes, interessados(as) em cursar Mestrado ou Doutorado em universidades brasileiras associadas.<\/p><p>O GCUB-Mob \u00e9 uma iniciativa do GCUB, com apoio do Instituto Guimar\u00e3es Rosa do Minist\u00e9rio das Rela\u00e7\u00f5es Exteriores do Brasil, a Comiss\u00e3o Nacional da UNESCO para o Brasil, o Conselho Nacional das Funda\u00e7\u00f5es Estaduais de Amparo \u00e0 Pesquisa \u2013 CONFAP, a Agence Universitaire de la Francophonie \u2013 AUF, a Organiza\u00e7\u00e3o dos Estados Americanos \u2013 OEA, a Organiza\u00e7\u00e3o para a Coopera\u00e7\u00e3o do Sul \u2013 OSC, a Uni\u00e3o de Universidades da Am\u00e9rica Latina e Caribe \u2013 UDUALC e o Consejo Superior Universitario Centroamericano \u2013 CSUCA.<\/p><p>O objetivo deste edital \u00e9 regulamentar a sele\u00e7\u00e3o de candidatos(as) para a atribui\u00e7\u00e3o de vagas, acompanhadas de bolsas mensais, oferecidas por IES brasileiras associadas ao GCUB, no \u00e2mbito do Programa GCUB de Mobilidade Internacional &#8211; GCUB-Mob. Essas vagas e bolsas s\u00e3o destinadas a cursos de Mestrado e Doutorado no Brasil, com in\u00edcio previsto para 2026.<\/p><p>Em sua Quarta Edi\u00e7\u00e3o, o Programa GCUB de Mobilidade Internacional \u2013 GCUB-Mob oferece mais de 880 vagas, acompanhadas de bolsas mensais, para programas de Mestrado e Doutorado, em 60 universidades localizadas em diferentes regi\u00f5es brasileiras.<\/p><p>Para as candidaturas, os candidatos devem ter conclu\u00eddo seus estudos de gradua\u00e7\u00e3o e ser cidad\u00e3os de um pa\u00eds que mantenha rela\u00e7\u00f5es diplom\u00e1ticas com o Brasil. Os candidatos que cumprirem os requisitos devem fornecer as informa\u00e7\u00f5es e enviar os documentos necess\u00e1rios para a candidatura at\u00e9 o dia 13 de julho de 2025, \u00e0s 23h59 (hor\u00e1rio de Bras\u00edlia &#8211; BRT). As candidaturas devem ser enviadas <span style=\"color: #ff0000;\"><strong><u>EXCLUSIVAMENTE<\/u><\/strong><\/span> por meio do Formul\u00e1rio de Inscri\u00e7\u00e3o Online GCUB-Mob 2025.<\/p><p>No processo de candidatura, os candidatos podem candidatar-se a at\u00e9 5 universidades em diferentes regi\u00f5es do Brasil. Candidatar-se a cinco institui\u00e7\u00f5es diferentes aumenta a possibilidade de receber uma bolsa de uma dessas universidades. O processo de sele\u00e7\u00e3o compreende tr\u00eas fases, e a publica\u00e7\u00e3o dos resultados finais est\u00e1 programada para o dia 31 de outubro de 2025.<\/p><p>Todas as informa\u00e7\u00f5es necess\u00e1rias que possam precisar sobre os requisitos, benef\u00edcios e obriga\u00e7\u00f5es das bolsas para a candidatura est\u00e3o dispon\u00edveis no Edital P\u00fablico de Sele\u00e7\u00e3o 001\/2025. Recomenda-se enfaticamente a leitura atenta do conte\u00fado completo do Edital, a fim de assegurar que sua candidatura esteja em conformidade com os termos de refer\u00eancia.<\/p><h2><strong>Quatri\u00e8me \u00c9dition del Programme GCUB de Mobilit\u00e9 Internationale \u2013 GCUB-Mob 2025<\/strong><\/h2><p>Le Groupe de Coop\u00e9ration Internationale des Universit\u00e9s Br\u00e9siliennes (GCUB) \u201cpoursuit son programme traditionnel d\u2019attribution de places, assorties de bourses mensuelles, dans le cadre de son Programme de Mobilit\u00e9 Internationale GCUB-Mob, destin\u00e9es aux \u00e9tudiant(e)s international(e)s issus des cinq continents et d\u00e9sireux(se)s de suivre un Master ou un Doctorat dans des \u00c9tablissements d\u2019Enseignement Sup\u00e9rieur (EES) partenaires au Br\u00e9sil.<\/p><p>Le GCUB-Mob est une initiative du GCUB, soutenue par L\u2019Institut Guimar\u00e3es Rosa du Minist\u00e8re des Relations Ext\u00e9rieures du Br\u00e9sil, la Commission Nationale de l\u2019UNESCO pour le Br\u00e9sil, le Conseil National des Fondations de Soutien \u00e0 la Recherche des \u00c9tats \u2013 CONFAP, l\u2019Agence Universitaire de la Francophonie \u2013 AUF, l\u2019Organisation des \u00c9tats Am\u00e9ricains \u2013 OEA, l\u2019Organisation pour la Coop\u00e9ration du Sud \u2013 OSC, l\u2019Union des Universit\u00e9s d\u2019Am\u00e9rique Latine et des Cara\u00efbes \u2013 UDUALC et le Conseil Sup\u00e9rieur Universitaire d\u2019Am\u00e9rique Centrale \u2013 CSUCA sont des institutions partenaires et\/ou soutiennantes du Programme GCUB-Mob.<\/p><p>L\u2019objectif du pr\u00e9sent appel \u00e0 candidatures est de r\u00e9glementer la s\u00e9lection de candidat(e)s en vue de l\u2019attribution de places, assorties de bourses mensuelles, offertes par des \u00c9tablissements d\u2019Enseignement Sup\u00e9rieur (EES) br\u00e9siliens associ\u00e9s au GCUB, dans le cadre du Programme GCUB de Mobilit\u00e9 Internationale \u2013 GCUB-Mob. Ces places et bourses sont destin\u00e9es \u00e0 des formations de Master et de Doctorat au Br\u00e9sil, dont le d\u00e9but est pr\u00e9vu en 2026.<\/p><p>Dans sa quatri\u00e8me \u00e9dition, le Programme de Mobilit\u00e9 Internationale du GCUB \u2013 GCUB-Mob offre plus de 880 bourses propos\u00e9es par des \u00e9tablissements d\u2019enseignement sup\u00e9rieur br\u00e9siliens affili\u00e9s au GCUB, pour des programmes de Master et de Doctorat dans 60 universit\u00e9s situ\u00e9es dans diff\u00e9rentes r\u00e9gions du Br\u00e9sil.<\/p><p>Pour les candidatures, les candidats doivent avoir termin\u00e9 leurs \u00e9tudes de premier cycle et \u00eatre citoyens d\u2019un pays entretenant des relations diplomatiques avec le Br\u00e9sil. Les candidats remplissant les conditions requises doivent fournir les informations et soumettre les documents n\u00e9cessaires \u00e0 la candidature jusqu\u2019au 13 juillet 2025, \u00e0 23h59 (heure de Bras\u00edlia \u2013 BRT). Les candidatures doivent \u00eatre soumises <span style=\"color: #ff0000;\"><strong><u>EXCLUSIVEMENT<\/u><\/strong><\/span> via le Formulaire d\u2019Inscription en Ligne GCUB-Mob 2025.<\/p><p>Dans le cadre du processus de candidature, les candidats peuvent postuler aupr\u00e8s de jusqu\u2019\u00e0 5 universit\u00e9s situ\u00e9es dans diff\u00e9rentes r\u00e9gions du Br\u00e9sil. Postuler \u00e0 cinq institutions diff\u00e9rentes augmente la probabilit\u00e9 de recevoir une bourse de l\u2019une de ces universit\u00e9s. Les processus de s\u00e9lection comprennent trois phases, et la publication des r\u00e9sultats finaux est pr\u00e9vue pour le 31 octobre 2025.<\/p><p>Toutes les informations n\u00e9cessaires relatives aux exigences, aux avantages et aux obligations des bourses, utiles \u00e0 votre candidature, sont disponibles dans l\u2019Appel \u00e0 Candidatures 001\/2025. Il est fortement recommand\u00e9 de lire attentivement l\u2019int\u00e9gralit\u00e9 du contenu de l\u2019Appel \u00e0 Candidatures, afin de garantir que votre candidature soit conforme aux termes de r\u00e9f\u00e9rence.<\/p><\/div>\n\t\t\t\t\t\t\t\t\t<div class=\"elementor-tab-title elementor-tab-mobile-title\" aria-selected=\"false\" data-tab=\"2\" role=\"tab\" tabindex=\"-1\" aria-controls=\"elementor-tab-content-2382\" aria-expanded=\"false\">Universities \/ Universidades<\/div>\n\t\t\t\t\t<div id=\"elementor-tab-content-2382\" class=\"elementor-tab-content elementor-clearfix\" data-tab=\"2\" role=\"tabpanel\" aria-labelledby=\"elementor-tab-title-2382\" tabindex=\"0\" hidden=\"hidden\"><ul>\n<li><strong>Universities participating in the Fourth Edition<\/strong><\/li>\n<li><strong>Universidades participantes en la Cuarta Edici\u00f3n<\/strong><\/li>\n<li><strong>Universidades participantes da Quarta Edi\u00e7\u00e3o<\/strong><\/li>\n<li><strong>Universit\u00e9s participantes \u00e0 la Quatri\u00e8me \u00c9dition.<\/strong><\/li><li><strong><br><\/strong><\/li>\n<\/ul>\n<ul>\n<li>Centro Federal de Educa\u00e7\u00e3o Tecnol\u00f3gica Celso Suckow da Fonseca (Cefet\/RJ)<\/li>\n<li>Centro Federal de Educa\u00e7\u00e3o Tecnol\u00f3gica de Minas Gerais (CEFET-MG)<\/li>\n<li>Funda\u00e7\u00e3o Universidade Federal da Grande Dourados (UFGD)<\/li>\n<li>Instituto Federal Goiano (IF Goiano)<\/li>\n<li>Universidade de Bras\u00edlia (UnB)<\/li>\n<li>Universidade de Pernambuco (UPE)<\/li>\n<li>Universidade do Estado de Mato Grosso Carlos Alberto Reyes Maldonado (UNEMAT)<\/li>\n<li>Universidade do Estado de Minas Gerais (UEMG)<\/li>\n<li>Universidade do Estado de Santa Catarina (UDESC)<\/li>\n<li>Universidade do Estado do Amazonas (UEA)<\/li>\n<li>Universidade Estadual de Campinas (UNICAMP)<\/li>\n<li>Universidade Estadual de Feira de Santana (UEFS)<\/li>\n<li>Universidade Estadual de Londrina (UEL)<\/li>\n<li>Universidade Estadual de Mato Grosso do Sul (UEMS)<\/li>\n<li>Universidade Estadual de Ponta Grossa (UEPG)<\/li>\n<li>Universidade Estadual de Santa Cruz (UESC)<\/li>\n<li>Universidade Estadual do Cear\u00e1 (UECE)<\/li>\n<li>Universidade Estadual do Cear\u00e1 (UECE)<\/li>\n<li>Universidade Estadual do Maranh\u00e3o (UEMA)<\/li>\n<li>Universidade Estadual do Maranh\u00e3o (UEMA)<\/li>\n<li>Universidade Estadual do Sudoeste da Bahia (UESB)<\/li>\n<li>Universidade Estadual Paulista &#8220;J\u00falio de Mesquita Filho&#8221; (Unesp)<\/li>\n<li>Universidade Federal de Alfenas (UNIFAL-MG)<\/li>\n<li>Universidade Federal de Campina Grande (UFCG)<\/li>\n<li>Universidade Federal de Ci\u00eancias da Sa\u00fade de Porto Alegre (UFCSPA)<\/li>\n<li>Universidade Federal de Goi\u00e1s (UFG)<\/li>\n<li>Universidade Federal de Jata\u00ed (UFJ)<\/li>\n<li>Universidade Federal de Juiz de Fora (UFJF)<\/li>\n<li>Universidade Federal de Lavras (UFLA)<\/li>\n<li>Universidade Federal de Mato Grosso (UFMT)<\/li>\n<li>Universidade Federal de Mato Grosso do Sul (UFMS)<\/li>\n<li>Universidade Federal de Minas Gerais (UFMG)<\/li>\n<li>Universidade Federal de Ouro Preto (UFOP)<\/li>\n<li>Universidade Federal de Pelotas (UFPel)<\/li>\n<li>Universidade Federal de Pernambuco (UFPE)<\/li>\n<li>Universidade Federal de Rondon\u00f3polis (UFR)<\/li>\n<li>Universidade Federal de Santa Maria (UFSM)<\/li>\n<li>Universidade Federal de S\u00e3o Carlos (UFSCar)<\/li>\n<li>Universidade Federal de S\u00e3o Jo\u00e3o del-Rei (UFSJ)<\/li>\n<li>Universidade Federal de S\u00e3o Paulo (UNIFESP)<\/li>\n<li>Universidade Federal de Sergipe (UFS)<\/li>\n<li>Universidade Federal de Uberl\u00e2ndia (UFU)<\/li>\n<li>Universidade Federal de Vi\u00e7osa (UFV)<\/li>\n<li>Universidade Federal do ABC (UFABC)<\/li>\n<li>Universidade Federal do Amazonas (UFAM)<\/li>\n<li>Universidade Federal do Cear\u00e1 (UFC)<\/li>\n<li>Universidade Federal do Esp\u00edrito Santo (UFES)<\/li>\n<li>Universidade Federal do Oeste da Bahia (UFOB)<\/li>\n<li>Universidade Federal do Oeste do Par\u00e1 (UFOPA)<\/li>\n<li>Universidade Federal do Par\u00e1 (UFPA)<\/li>\n<li>Universidade Federal do Paran\u00e1 (UFPR)<\/li>\n<li>Universidade Federal do Piau\u00ed (UFPI)<\/li>\n<li>Universidade Federal do Rio Grande (FURG)<\/li>\n<li>Universidade Federal do Rio Grande do Sul (UFRGS)<\/li>\n<li>Universidade Federal do Sul da Bahia (UFSB)<\/li>\n<li>Universidade Federal do Tocantins (UFT)<\/li>\n<li>Universidade Federal do Tri\u00e2ngulo Mineiro (UFTM)<\/li>\n<li>Universidade Federal dos Vales do Jequitinhonha e Mucuri (UFVJM)<\/li>\n<li>Universidade Presbiteriana Mackenzie (UPM)<\/li>\n<li>Universidade Tecnol\u00f3gica Federal do Paran\u00e1 (UTFPR)<\/li>\n<\/ul><\/div>\n\t\t\t\t\t\t\t<\/div>\n\t\t<\/div>\n\t\t\t\t\t\t<\/div>\n\t\t\t\t<\/div>\n\t\t\t\t\t<\/div>\n\t\t<\/div>\n\t\t\t\t\t<\/div>\n\t\t<\/section>\n\t\t\t\t<\/div>\n\t\t","protected":false},"excerpt":{"rendered":"<p>About the Program \/ Sobre El Programa \/ Sobre o programa Universities \/ Universidades About the Program \/ Sobre El Programa \/ Sobre o programa Fourth Edition of the GCUB International Mobility Program \u2013 GCUB-Mob 2025 The International Cooperation Group of Brazilian Universities (GCUB) continues its traditional scholarship program, accompanied by monthly stipends, within the&hellip;&nbsp;<a href=\"https:\/\/www.gcub.org.br\/bsp\/about-the-program-sobre-el-programa\/\" rel=\"bookmark\"><span class=\"screen-reader-text\">About the program \/ Sobre el programa<\/span><\/a><\/p>\n","protected":false},"author":1,"featured_media":0,"parent":0,"menu_order":0,"comment_status":"closed","ping_status":"closed","template":"page-templates\/template-pagebuilder-full-width.php","meta":{"neve_meta_sidebar":"","neve_meta_container":"","neve_meta_enable_content_width":"","neve_meta_content_width":0,"neve_meta_title_alignment":"","neve_meta_author_avatar":"","neve_post_elements_order":"","neve_meta_disable_header":"","neve_meta_disable_footer":"","neve_meta_disable_title":"","footnotes":""},"class_list":["post-25","page","type-page","status-publish","hentry"],"_links":{"self":[{"href":"https:\/\/www.gcub.org.br\/bsp\/wp-json\/wp\/v2\/pages\/25","targetHints":{"allow":["GET"]}}],"collection":[{"href":"https:\/\/www.gcub.org.br\/bsp\/wp-json\/wp\/v2\/pages"}],"about":[{"href":"https:\/\/www.gcub.org.br\/bsp\/wp-json\/wp\/v2\/types\/page"}],"author":[{"embeddable":true,"href":"https:\/\/www.gcub.org.br\/bsp\/wp-json\/wp\/v2\/users\/1"}],"replies":[{"embeddable":true,"href":"https:\/\/www.gcub.org.br\/bsp\/wp-json\/wp\/v2\/comments?post=25"}],"version-history":[{"count":15,"href":"https:\/\/www.gcub.org.br\/bsp\/wp-json\/wp\/v2\/pages\/25\/revisions"}],"predecessor-version":[{"id":285,"href":"https:\/\/www.gcub.org.br\/bsp\/wp-json\/wp\/v2\/pages\/25\/revisions\/285"}],"wp:attachment":[{"href":"https:\/\/www.gcub.org.br\/bsp\/wp-json\/wp\/v2\/media?parent=25"}],"curies":[{"name":"wp","href":"https:\/\/api.w.org\/{rel}","templated":true}]}}